{"id":4729,"date":"2023-03-29T20:45:40","date_gmt":"2023-03-30T01:45:40","guid":{"rendered":"https:\/\/gadtarqui.gob.ec\/pastaza\/?page_id=4729"},"modified":"2024-06-20T09:05:37","modified_gmt":"2024-06-20T14:05:37","slug":"rendicion-de-cuentas-2023","status":"publish","type":"page","link":"https:\/\/chiquintad.gob.ec\/?page_id=4729","title":{"rendered":"Rendici\u00f3n de Cuentas 2023"},"content":{"rendered":"<div class=\"wpfilebase-file-default\"><img decoding=\"async\" src=\"https:\/\/chiquintad.gob.ec\/wp-includes\/images\/crystal\/document.png\" alt=\"PDOT CHIQUINTAD - DIAGNOSTICO\" align=\"middle\" \/><a href=\"https:\/\/chiquintad.gob.ec\/wp-content\/uploads\/2024\/05\/Plan-de-Trabajo-CHIQUINTAD.pdf\">Oferta de campa\u00f1a de la m\u00e1xima autoridad.<\/a><\/div>\n<div><\/div>\n<div class=\"wpfilebase-file-default\">\n<div class=\"filetitle\"><img decoding=\"async\" src=\"https:\/\/chiquintad.gob.ec\/wp-includes\/images\/crystal\/document.png\" alt=\"PDOT CHIQUINTAD - DIAGNOSTICO\" align=\"middle\" \/><a href=\"https:\/\/chiquintad.gob.ec\/wp-content\/uploads\/2024\/05\/POA_2023.pdf\">Plan Operativo Anual (POA).<\/a><\/div>\n<div><\/div>\n<\/div>\n<div class=\"wpfilebase-file-default\">\n<div class=\"filetitle\"><img decoding=\"async\" src=\"https:\/\/chiquintad.gob.ec\/wp-includes\/images\/crystal\/document.png\" alt=\"PDOT CHIQUINTAD - PROPUESTA Y MODELO DE GESTION\" align=\"middle\" \/><a href=\"https:\/\/chiquintad.gob.ec\/wp-content\/uploads\/2024\/05\/PRESUPUESTO_2023_PRORROGADO.pdf\">Presupuesto Institucional.<\/a><\/div>\n<div><\/div>\n<\/div>\n<div><img decoding=\"async\" src=\"https:\/\/chiquintad.gob.ec\/wp-includes\/images\/crystal\/document.png\" alt=\"PDOT CHIQUINTAD - PROPUESTA Y MODELO DE GESTION\" align=\"middle\" \/><a href=\"https:\/\/chiquintad.gob.ec\/wp-content\/uploads\/2024\/05\/Informe_preliminar_2023.pdf\">Informe Preliminar de Rendici\u00f3n de Cuentas<\/a><\/div>\n<div><\/div>\n<div><img decoding=\"async\" src=\"https:\/\/chiquintad.gob.ec\/wp-includes\/images\/crystal\/document.png\" alt=\"PDOT CHIQUINTAD - PROPUESTA Y MODELO DE GESTION\" align=\"middle\" \/><a href=\"https:\/\/chiquintad.gob.ec\/wp-content\/uploads\/2024\/06\/Rendicion_de_Cuentas_23052024.pdf\">Informe Rendici\u00f3n Cuentas 2023<\/a><\/div>\n<div><\/div>\n<div><img decoding=\"async\" src=\"https:\/\/chiquintad.gob.ec\/wp-includes\/images\/crystal\/document.png\" alt=\"PDOT CHIQUINTAD - PROPUESTA Y MODELO DE GESTION\" align=\"middle\" \/><a href=\"https:\/\/chiquintad.gob.ec\/wp-content\/uploads\/2024\/06\/Formulario_RC_2023.pdf\">Formulario Rendici\u00f3n Cuentas 2023<\/a><\/div>\n","protected":false},"excerpt":{"rendered":"<p>Oferta de campa\u00f1a de la m\u00e1xima autoridad. Plan Operativo Anual (POA). Presupuesto Institucional. Informe Preliminar de Rendici\u00f3n de Cuentas Informe Rendici\u00f3n Cuentas 2023 Formulario Rendici\u00f3n Cuentas 2023<\/p>\n","protected":false},"author":6,"featured_media":0,"parent":0,"menu_order":0,"comment_status":"closed","ping_status":"closed","template":"","meta":{"footnotes":""},"class_list":["post-4729","page","type-page","status-publish","hentry"],"_links":{"self":[{"href":"https:\/\/chiquintad.gob.ec\/index.php?rest_route=\/wp\/v2\/pages\/4729","targetHints":{"allow":["GET"]}}],"collection":[{"href":"https:\/\/chiquintad.gob.ec\/index.php?rest_route=\/wp\/v2\/pages"}],"about":[{"href":"https:\/\/chiquintad.gob.ec\/index.php?rest_route=\/wp\/v2\/types\/page"}],"author":[{"embeddable":true,"href":"https:\/\/chiquintad.gob.ec\/index.php?rest_route=\/wp\/v2\/users\/6"}],"replies":[{"embeddable":true,"href":"https:\/\/chiquintad.gob.ec\/index.php?rest_route=%2Fwp%2Fv2%2Fcomments&post=4729"}],"version-history":[{"count":7,"href":"https:\/\/chiquintad.gob.ec\/index.php?rest_route=\/wp\/v2\/pages\/4729\/revisions"}],"predecessor-version":[{"id":6119,"href":"https:\/\/chiquintad.gob.ec\/index.php?rest_route=\/wp\/v2\/pages\/4729\/revisions\/6119"}],"wp:attachment":[{"href":"https:\/\/chiquintad.gob.ec\/index.php?rest_route=%2Fwp%2Fv2%2Fmedia&parent=4729"}],"curies":[{"name":"wp","href":"https:\/\/api.w.org\/{rel}","templated":true}]}}