{"id":4802,"date":"2023-04-05T09:46:01","date_gmt":"2023-04-05T14:46:01","guid":{"rendered":"https:\/\/gadeltablon.gob.ec\/loja\/?page_id=4802"},"modified":"2024-01-23T12:56:39","modified_gmt":"2024-01-23T17:56:39","slug":"videos-2","status":"publish","type":"page","link":"https:\/\/chiquintad.gob.ec\/?page_id=4802","title":{"rendered":"Videos"},"content":{"rendered":"<p><iframe loading=\"lazy\" title=\"Rendicion de Cuentas 2022\" width=\"500\" height=\"281\" src=\"https:\/\/www.youtube.com\/embed\/GUMkh-qimrE?feature=oembed\" frameborder=\"0\" allow=\"accelerometer; autoplay; clipboard-write; encrypted-media; gyroscope; picture-in-picture; web-share\" referrerpolicy=\"strict-origin-when-cross-origin\" allowfullscreen><\/iframe><\/p>\n<p><iframe loading=\"lazy\" title=\"Por los 144 a\u00f1os de nuestra LINDA parroquia de Chiquintad.\" width=\"500\" height=\"281\" src=\"https:\/\/www.youtube.com\/embed\/YT8yBvnwXaM?feature=oembed\" frameborder=\"0\" allow=\"accelerometer; autoplay; clipboard-write; encrypted-media; gyroscope; picture-in-picture; web-share\" referrerpolicy=\"strict-origin-when-cross-origin\" allowfullscreen><\/iframe><\/p>\n<p><iframe loading=\"lazy\" title=\"Deliberaci\u00f3n P\u00fablica de Rendici\u00f3n de Cuentas 2021\" width=\"500\" height=\"281\" src=\"https:\/\/www.youtube.com\/embed\/7BkH5JehxU0?feature=oembed\" frameborder=\"0\" allow=\"accelerometer; autoplay; clipboard-write; encrypted-media; gyroscope; picture-in-picture; web-share\" referrerpolicy=\"strict-origin-when-cross-origin\" allowfullscreen><\/iframe><\/p>\n","protected":false},"excerpt":{"rendered":"https:\/\/www.youtube.com\/watch?v=GUMkh-qimrE https:\/\/www.youtube.com\/watch?v=YT8yBvnwXaM https:\/\/www.youtube.com\/watch?v=7BkH5JehxU0","protected":false},"author":6,"featured_media":0,"parent":0,"menu_order":0,"comment_status":"closed","ping_status":"closed","template":"","meta":{"footnotes":""},"class_list":["post-4802","page","type-page","status-publish","hentry"],"_links":{"self":[{"href":"https:\/\/chiquintad.gob.ec\/index.php?rest_route=\/wp\/v2\/pages\/4802","targetHints":{"allow":["GET"]}}],"collection":[{"href":"https:\/\/chiquintad.gob.ec\/index.php?rest_route=\/wp\/v2\/pages"}],"about":[{"href":"https:\/\/chiquintad.gob.ec\/index.php?rest_route=\/wp\/v2\/types\/page"}],"author":[{"embeddable":true,"href":"https:\/\/chiquintad.gob.ec\/index.php?rest_route=\/wp\/v2\/users\/6"}],"replies":[{"embeddable":true,"href":"https:\/\/chiquintad.gob.ec\/index.php?rest_route=%2Fwp%2Fv2%2Fcomments&post=4802"}],"version-history":[{"count":3,"href":"https:\/\/chiquintad.gob.ec\/index.php?rest_route=\/wp\/v2\/pages\/4802\/revisions"}],"predecessor-version":[{"id":5183,"href":"https:\/\/chiquintad.gob.ec\/index.php?rest_route=\/wp\/v2\/pages\/4802\/revisions\/5183"}],"wp:attachment":[{"href":"https:\/\/chiquintad.gob.ec\/index.php?rest_route=%2Fwp%2Fv2%2Fmedia&parent=4802"}],"curies":[{"name":"wp","href":"https:\/\/api.w.org\/{rel}","templated":true}]}}