{"id":4903,"date":"2023-06-20T21:42:13","date_gmt":"2023-06-21T02:42:13","guid":{"rendered":"https:\/\/manu.gob.ec\/loja\/?page_id=4903"},"modified":"2024-01-23T10:49:34","modified_gmt":"2024-01-23T15:49:34","slug":"mision-y-vision","status":"publish","type":"page","link":"https:\/\/chiquintad.gob.ec\/?page_id=4903","title":{"rendered":"Misi\u00f3n y Visi\u00f3n"},"content":{"rendered":"<div class=\"wpb_text_column wpb_content_element \">\n<div class=\"wpb_wrapper\">\n<blockquote class=\" with_quote_icon\">\n<h5 class=\"blockquote-text\">El GAD Parroquial de Chiquintad, velar\u00e1 por la organizaci\u00f3n de los ciudadanos y ciudadanas, para conseguir una educaci\u00f3n tecnificada, preservar la reserva forestal y disponer de trabajo y producci\u00f3n para el sustento familiar que dinamice el sistema de comercializaci\u00f3n; avanzando en la dotaci\u00f3n de infraestructura de calidad; el control de la delincuencia y la implementaci\u00f3n integral del Plan de Desarrollo<\/h5>\n<\/blockquote>\n<blockquote class=\" with_quote_icon\"><p><i class=\"fa fa-quote-right pull-left\"><\/i><\/p>\n<h5 class=\"blockquote-text\">Al 2023 Chiquintad, se consolida como parroquia reconocida a nivel cantonal y provincial, por su capacidad de gestionar los recursos naturales de manera sustentable y por su modelo de gesti\u00f3n institucional; el fomento del turismo ecol\u00f3gico, con v\u00edas rurales en buenas condiciones que aportan a mejorar el intercambio socio econ\u00f3mico entre localidades, as\u00ed como tambi\u00e9n alcanza una alta cobertura de viviendas con servicios b\u00e1sicos, para el bienestar de la poblaci\u00f3n. La parroquia Chiquintad es un territorio inclusivo y de buenas pr\u00e1cticas de democracia participativa, transparente, y eficiente en el desarrollo de sus actividades, en el marco de sus competencias y de la normativa actual.<\/h5>\n<\/blockquote>\n<div class=\"vc_empty_space\"><\/div>\n<\/div>\n<\/div>\n","protected":false},"excerpt":{"rendered":"<p>El GAD Parroquial de Chiquintad, velar\u00e1 por la organizaci\u00f3n de los ciudadanos y ciudadanas, para conseguir una educaci\u00f3n tecnificada, preservar la reserva forestal y disponer de trabajo y producci\u00f3n para el sustento familiar que dinamice el sistema de comercializaci\u00f3n; avanzando en la dotaci\u00f3n de infraestructura de calidad; el control de la delincuencia y la implementaci\u00f3n [&hellip;]<\/p>\n","protected":false},"author":6,"featured_media":0,"parent":0,"menu_order":0,"comment_status":"closed","ping_status":"closed","template":"","meta":{"footnotes":""},"class_list":["post-4903","page","type-page","status-publish","hentry"],"_links":{"self":[{"href":"https:\/\/chiquintad.gob.ec\/index.php?rest_route=\/wp\/v2\/pages\/4903","targetHints":{"allow":["GET"]}}],"collection":[{"href":"https:\/\/chiquintad.gob.ec\/index.php?rest_route=\/wp\/v2\/pages"}],"about":[{"href":"https:\/\/chiquintad.gob.ec\/index.php?rest_route=\/wp\/v2\/types\/page"}],"author":[{"embeddable":true,"href":"https:\/\/chiquintad.gob.ec\/index.php?rest_route=\/wp\/v2\/users\/6"}],"replies":[{"embeddable":true,"href":"https:\/\/chiquintad.gob.ec\/index.php?rest_route=%2Fwp%2Fv2%2Fcomments&post=4903"}],"version-history":[{"count":2,"href":"https:\/\/chiquintad.gob.ec\/index.php?rest_route=\/wp\/v2\/pages\/4903\/revisions"}],"predecessor-version":[{"id":5135,"href":"https:\/\/chiquintad.gob.ec\/index.php?rest_route=\/wp\/v2\/pages\/4903\/revisions\/5135"}],"wp:attachment":[{"href":"https:\/\/chiquintad.gob.ec\/index.php?rest_route=%2Fwp%2Fv2%2Fmedia&parent=4903"}],"curies":[{"name":"wp","href":"https:\/\/api.w.org\/{rel}","templated":true}]}}