{"id":4905,"date":"2023-06-20T21:44:24","date_gmt":"2023-06-21T02:44:24","guid":{"rendered":"https:\/\/manu.gob.ec\/loja\/?page_id=4905"},"modified":"2026-01-28T11:54:31","modified_gmt":"2026-01-28T16:54:31","slug":"objetivos-generales","status":"publish","type":"page","link":"https:\/\/chiquintad.gob.ec\/?page_id=4905","title":{"rendered":"Bases legales"},"content":{"rendered":"<div class=\"wpfilebase-file-default\">\n<div class=\"filetitle\"><\/div>\n<div class=\"filetitle\"><img decoding=\"async\" src=\"https:\/\/chiquintad.gob.ec\/wp-includes\/images\/crystal\/document.png\" alt=\"CODIGO ORGANICO DE PLANIFICACION Y FINANZAS PUBLICAS\" align=\"middle\" \/><a href=\"https:\/\/www.oas.org\/juridico\/pdfs\/mesicic4_ecu_const.pdf\">CONSTITUCI\u00d3N DE LA REP\u00daBLICA DEL ECUADOR <\/a><\/div>\n<div><img decoding=\"async\" src=\"https:\/\/chiquintad.gob.ec\/wp-includes\/images\/crystal\/document.png\" alt=\"COOTAD\" align=\"middle\" \/> <a href=\"https:\/\/www.finanzas.gob.ec\/wp-content\/uploads\/downloads\/2012\/09\/CODIGO_ORGANIZACION_TERRITORIAL.pdf\">C\u00d3DIGO ORG\u00c1NICO ORGANIZACI\u00d3N TERRITORIAL AUTONOM\u00cdA DESCENTRALIZACI\u00d3N &#8211; COOTAD<\/a><\/div>\n<div><img decoding=\"async\" src=\"https:\/\/chiquintad.gob.ec\/wp-includes\/images\/crystal\/document.png\" alt=\"COOTAD\" align=\"middle\" \/> <a href=\"https:\/\/www.gobiernoelectronico.gob.ec\/wp-content\/uploads\/2020\/11\/COA.pdf\">C\u00d3DIGO ORGANICO ADMINISTRATIVO -COA<\/a><\/div>\n<div><img decoding=\"async\" src=\"https:\/\/chiquintad.gob.ec\/wp-includes\/images\/crystal\/document.png\" alt=\"COOTAD\" align=\"middle\" \/><a href=\"https:\/\/www.dpe.gob.ec\/wp-content\/dpedocumentoslotaip\/lotaip2023\/ro-lotaip-2023.pdf\">LEY ORG\u00c1NICA DE TRANSPARENCIA Y ACCESO A LA INFORMACI\u00d3N P\u00daBLICA &#8211; LOTAIP<\/a><\/div>\n<div><img decoding=\"async\" src=\"https:\/\/chiquintad.gob.ec\/wp-includes\/images\/crystal\/document.png\" alt=\"CODIGO ORGANICO DE PLANIFICACION Y FINANZAS PUBLICAS\" align=\"middle\" \/> <a href=\"https:\/\/www.oas.org\/juridico\/PDFs\/mesicic4_ecu_org2.pdf\">LEY ORG\u00c1NICA DE GARANT\u00cdAS JURISDICCIONALES Y CONTROL CONSTITUCIONAL<\/a><\/div>\n<div><img decoding=\"async\" src=\"https:\/\/chiquintad.gob.ec\/wp-includes\/images\/crystal\/document.png\" alt=\"CODIGO ORGANICO DE PLANIFICACION Y FINANZAS PUBLICAS\" align=\"middle\" \/><a href=\"http:\/\/www.oas.org\/juridico\/pdfs\/mesicic5_ecu_ane_mdt_4.3_ley_org_ser_p%C3%BAb.pdf\">LEY ORG\u00c1NICA DE SERVICIO P\u00daBLICO &#8211; LOSEP<\/a><\/div>\n<div><img decoding=\"async\" src=\"https:\/\/chiquintad.gob.ec\/wp-includes\/images\/crystal\/document.png\" alt=\"CODIGO ORGANICO DE PLANIFICACION Y FINANZAS PUBLICAS\" align=\"middle\" \/><a href=\"https:\/\/www.oas.org\/juridico\/PDFs\/mesicic5_ecu_ane_cge_23_ley_org_cge.pdf\">LEY ORG\u00c1NICA DE LA CONTRALOR\u00cdA GENERAL DEL ESTADO<\/a><\/div>\n<div><img decoding=\"async\" src=\"https:\/\/chiquintad.gob.ec\/wp-includes\/images\/crystal\/document.png\" alt=\"CODIGO ORGANICO DE PLANIFICACION Y FINANZAS PUBLICAS\" align=\"middle\" \/><a href=\"http:\/\/www.cpccs.gob.ec\/wp-content\/uploads\/2016\/12\/Ley-Org-CPCCS.pdf\">LEY ORG\u00c1NICA DEL CONSEJO DE PARTICIPACI\u00d3N CIUDADANA Y CONTROL SOCIAL &#8211; CPCCS<\/a><\/div>\n<div><img decoding=\"async\" src=\"https:\/\/chiquintad.gob.ec\/wp-includes\/images\/crystal\/document.png\" alt=\"CODIGO ORGANICO DE PLANIFICACION Y FINANZAS PUBLICAS\" align=\"middle\" \/><a href=\"https:\/\/www.consejodecomunicacion.gob.ec\/wp-content\/uploads\/downloads\/2021\/07\/lotaip\/Ley%20Org%C3%A1nica%20de%20Protecci%C3%B3n%20de%20Datos%20Personales.pdf\">LEY ORG\u00c1NICA DE PROTECCI\u00d3N DE DATOS PERSONALES<\/a><\/div>\n<div><img decoding=\"async\" src=\"https:\/\/chiquintad.gob.ec\/wp-includes\/images\/crystal\/document.png\" alt=\"CODIGO ORGANICO DE PLANIFICACION Y FINANZAS PUBLICAS\" align=\"middle\" \/>\u00a0<a href=\"http:\/\/www.inocar.mil.ec\/web\/images\/lotaip\/2016\/literal_a\/base_legal\/A._Reglamento_general_ley_organica_transparencia_acceso_informacion_publica.pdf\">REGLAMENTO GENERAL A LA LEY ORG\u00c1NICA DE TRANSPARENCIA Y ACCESO A LA INFORMACI\u00d3N P\u00daBLICA &#8211; LOTAIP<\/a><\/div>\n<div><img decoding=\"async\" src=\"https:\/\/chiquintad.gob.ec\/wp-includes\/images\/crystal\/document.png\" alt=\"CODIGO ORGANICO DE PLANIFICACION Y FINANZAS PUBLICAS\" align=\"middle\" \/><a href=\"https:\/\/portal.compraspublicas.gob.ec\/sercop\/wp-content\/uploads\/2023\/04\/RGLOSNCP_2023.pdf\">REGLAMENTO GENERAL A LA LEY ORG\u00c1NICA DEL SISTEMA NACIONAL DE CONTRATACI\u00d3N P\u00daBLICA (LOSNCP)<\/a><\/div>\n<div><img decoding=\"async\" src=\"https:\/\/chiquintad.gob.ec\/wp-includes\/images\/crystal\/document.png\" alt=\"CODIGO ORGANICO DE PLANIFICACION Y FINANZAS PUBLICAS\" align=\"middle\" \/><a href=\"https:\/\/www.sot.gob.ec\/sotadmin2\/_lib\/file\/doc\/REGLAMENTO%20SUSTANCIACION%20PROCESOS%20CORTE%20CONSTITUCIONAL.pdf\">REGLAMENTO A LA LEY ORG\u00c1NICA DE GARANT\u00cdAS JURISDICCIONALES Y CONTROL CONSTITUCIONAL (LOGJCC)<\/a><\/div>\n<div><img decoding=\"async\" src=\"https:\/\/chiquintad.gob.ec\/wp-includes\/images\/crystal\/document.png\" alt=\"CODIGO ORGANICO DE PLANIFICACION Y FINANZAS PUBLICAS\" align=\"middle\" \/><a href=\"http:\/\/www.presidencia.gob.ec\">LOS DECRETOS EJECUTIVOS RELACIONADOS CON LA INSTITUCI\u00d3N SE REDIRECCIONAR\u00c1N AL SITIO WEB DONDE SE ENCUENTRAN ALOJADOS<\/a><\/div>\n<\/div>\n<div class=\"wpfilebase-file-default\">\n<div class=\"filetitle\"><img decoding=\"async\" src=\"https:\/\/chiquintad.gob.ec\/wp-includes\/images\/crystal\/document.png\" alt=\"LEY ORGANICA DE PARTICIPACION CIUDADANA\" align=\"middle\" \/><a href=\"https:\/\/www.turismo.gob.ec\/wp-content\/uploads\/2016\/03\/ERJAFE.pdf\">ESTATUTO DE R\u00c9GIMEN JUR\u00cdDICO DE LA ADMINISTRACI\u00d3N DE LA FUNCI\u00d3N EJECUTIVA<\/a><\/div>\n<\/div>\n<div class=\"wpfilebase-file-default\">\n<div class=\"filetitle\"><\/div>\n<\/div>\n<div class=\"wpfilebase-file-default\">\n<div class=\"filetitle\"><img decoding=\"async\" src=\"https:\/\/chiquintad.gob.ec\/wp-includes\/images\/crystal\/document.png\" alt=\"REGLAMENTO VIATICOS\" align=\"middle\" \/><a href=\"http:\/\/www.cuenca.gov.ec\/?q=node\/8984\">ORDENANZA QUE NORMA LA PARTICIPACI\u00d3N CIUDADANA Y COGESTI\u00d3N DE LOS PRESUPUESTOS PARTICIPATIVOS CON LAS PARROQUIAS RURALES DEL CANT\u00d3N CUENCA<\/a><\/div>\n<\/div>\n<div class=\"wpfilebase-file-default\"><img decoding=\"async\" src=\"https:\/\/chiquintad.gob.ec\/wp-includes\/images\/crystal\/document.png\" alt=\"REGLAMENTO VIATICOS\" align=\"middle\" \/><a href=\"https:\/\/chiquintad.gob.ec\/wp-content\/uploads\/2026\/01\/Reglamento-Interno-signed-signed.pdf\">REGLAMENTO INTERNO DE ADMINISTRACI\u00d3N DE TALENTO HUMANO DE LAS Y LOS SERVIDORES P\u00daBLICOS DEL GOBIERNO AUT\u00d3NOMO DESCENTRALIZADO PARROQUIAL RURAL DE CHIQUINTAD<\/a><\/div>\n","protected":false},"excerpt":{"rendered":"<p>CONSTITUCI\u00d3N DE LA REP\u00daBLICA DEL ECUADOR C\u00d3DIGO ORG\u00c1NICO ORGANIZACI\u00d3N TERRITORIAL AUTONOM\u00cdA DESCENTRALIZACI\u00d3N &#8211; COOTAD C\u00d3DIGO ORGANICO ADMINISTRATIVO -COA LEY ORG\u00c1NICA DE TRANSPARENCIA Y ACCESO A LA INFORMACI\u00d3N P\u00daBLICA &#8211; LOTAIP LEY ORG\u00c1NICA DE GARANT\u00cdAS JURISDICCIONALES Y CONTROL CONSTITUCIONAL LEY ORG\u00c1NICA DE SERVICIO P\u00daBLICO &#8211; LOSEP LEY ORG\u00c1NICA DE LA CONTRALOR\u00cdA GENERAL DEL ESTADO LEY ORG\u00c1NICA [&hellip;]<\/p>\n","protected":false},"author":6,"featured_media":0,"parent":0,"menu_order":0,"comment_status":"closed","ping_status":"closed","template":"","meta":{"footnotes":""},"class_list":["post-4905","page","type-page","status-publish","hentry"],"_links":{"self":[{"href":"https:\/\/chiquintad.gob.ec\/index.php?rest_route=\/wp\/v2\/pages\/4905","targetHints":{"allow":["GET"]}}],"collection":[{"href":"https:\/\/chiquintad.gob.ec\/index.php?rest_route=\/wp\/v2\/pages"}],"about":[{"href":"https:\/\/chiquintad.gob.ec\/index.php?rest_route=\/wp\/v2\/types\/page"}],"author":[{"embeddable":true,"href":"https:\/\/chiquintad.gob.ec\/index.php?rest_route=\/wp\/v2\/users\/6"}],"replies":[{"embeddable":true,"href":"https:\/\/chiquintad.gob.ec\/index.php?rest_route=%2Fwp%2Fv2%2Fcomments&post=4905"}],"version-history":[{"count":7,"href":"https:\/\/chiquintad.gob.ec\/index.php?rest_route=\/wp\/v2\/pages\/4905\/revisions"}],"predecessor-version":[{"id":9455,"href":"https:\/\/chiquintad.gob.ec\/index.php?rest_route=\/wp\/v2\/pages\/4905\/revisions\/9455"}],"wp:attachment":[{"href":"https:\/\/chiquintad.gob.ec\/index.php?rest_route=%2Fwp%2Fv2%2Fmedia&parent=4905"}],"curies":[{"name":"wp","href":"https:\/\/api.w.org\/{rel}","templated":true}]}}