{"id":5199,"date":"2024-01-21T17:36:59","date_gmt":"2024-01-21T22:36:59","guid":{"rendered":"https:\/\/ilionsystems.com\/chiquintad\/?page_id=5199"},"modified":"2026-04-21T09:34:48","modified_gmt":"2026-04-21T14:34:48","slug":"rendicion-de-cuentas-2024","status":"publish","type":"page","link":"https:\/\/chiquintad.gob.ec\/?page_id=5199","title":{"rendered":"Rendici\u00f3n de Cuentas 2024"},"content":{"rendered":"<div class=\"wpfilebase-file-default\"><img decoding=\"async\" src=\"https:\/\/chiquintad.gob.ec\/wp-includes\/images\/crystal\/document.png\" alt=\"PDOT CHIQUINTAD - DIAGNOSTICO\" align=\"middle\" \/><a href=\"https:\/\/chiquintad.gob.ec\/wp-content\/uploads\/2025\/05\/2-Plan-de-Trabajo-CHIQUINTAD.pdf\">Oferta de campa\u00f1a de la m\u00e1xima autoridad.<\/a><\/div>\n<div><\/div>\n<div class=\"wpfilebase-file-default\">\n<div class=\"filetitle\"><img decoding=\"async\" src=\"https:\/\/chiquintad.gob.ec\/wp-includes\/images\/crystal\/document.png\" alt=\"PDOT CHIQUINTAD - DIAGNOSTICO\" align=\"middle\" \/><a href=\"https:\/\/chiquintad.gob.ec\/wp-content\/uploads\/2025\/05\/1-POA-2024.pdf\">Plan Operativo Anual (POA).<\/a><\/div>\n<div><\/div>\n<\/div>\n<div class=\"wpfilebase-file-default\">\n<div class=\"filetitle\"><img decoding=\"async\" src=\"https:\/\/chiquintad.gob.ec\/wp-includes\/images\/crystal\/document.png\" alt=\"PDOT CHIQUINTAD - PROPUESTA Y MODELO DE GESTION\" align=\"middle\" \/><a href=\"https:\/\/chiquintad.gob.ec\/wp-content\/uploads\/2025\/05\/3-PRESUPUESTO-2024.pdf\">Presupuesto Institucional.<\/a><\/div>\n<div><\/div>\n<\/div>\n<div><img decoding=\"async\" src=\"https:\/\/chiquintad.gob.ec\/wp-includes\/images\/crystal\/document.png\" alt=\"PDOT CHIQUINTAD - PROPUESTA Y MODELO DE GESTION\" align=\"middle\" \/><a href=\"https:\/\/chiquintad.gob.ec\/wp-content\/uploads\/2025\/08\/2-Informe_preliminar_2024-signed.pdf\">Informe Preliminar de Rendici\u00f3n de Cuentas<\/a><\/div>\n<div><\/div>\n<div><img decoding=\"async\" src=\"https:\/\/chiquintad.gob.ec\/wp-includes\/images\/crystal\/document.png\" alt=\"PDOT CHIQUINTAD - PROPUESTA Y MODELO DE GESTION\" align=\"middle\" \/><a href=\"https:\/\/chiquintad.gob.ec\/wp-content\/uploads\/2025\/08\/4-Rendicion-de-Cuentas-08072025.pdf\">Rendici\u00f3n de Cuentas_08072025<\/a><\/div>\n<div><\/div>\n<div><img decoding=\"async\" src=\"https:\/\/chiquintad.gob.ec\/wp-includes\/images\/crystal\/document.png\" alt=\"PDOT CHIQUINTAD - PROPUESTA Y MODELO DE GESTION\" align=\"middle\" \/><a href=\"https:\/\/chiquintad.gob.ec\/wp-content\/uploads\/2025\/08\/Formulario_RC_2024.pdf\">Formulario_RC_2024<\/a><\/div>\n<div><\/div>\n<div><img decoding=\"async\" src=\"https:\/\/chiquintad.gob.ec\/wp-includes\/images\/crystal\/document.png\" alt=\"PDOT CHIQUINTAD - PROPUESTA Y MODELO DE GESTION\" align=\"middle\" \/><a href=\"https:\/\/chiquintad.gob.ec\/wp-content\/uploads\/2026\/04\/8-Acta_Rendicion_Cuentas_08072025.pdf\">Acta Deliberaci\u00f3n P\u00fablica\u00a008072025<\/a><\/div>\n","protected":false},"excerpt":{"rendered":"<p>Oferta de campa\u00f1a de la m\u00e1xima autoridad. Plan Operativo Anual (POA). Presupuesto Institucional. Informe Preliminar de Rendici\u00f3n de Cuentas Rendici\u00f3n de Cuentas_08072025 Formulario_RC_2024 Acta Deliberaci\u00f3n P\u00fablica\u00a008072025<\/p>\n","protected":false},"author":6,"featured_media":0,"parent":0,"menu_order":0,"comment_status":"closed","ping_status":"closed","template":"","meta":{"footnotes":""},"class_list":["post-5199","page","type-page","status-publish","hentry"],"_links":{"self":[{"href":"https:\/\/chiquintad.gob.ec\/index.php?rest_route=\/wp\/v2\/pages\/5199","targetHints":{"allow":["GET"]}}],"collection":[{"href":"https:\/\/chiquintad.gob.ec\/index.php?rest_route=\/wp\/v2\/pages"}],"about":[{"href":"https:\/\/chiquintad.gob.ec\/index.php?rest_route=\/wp\/v2\/types\/page"}],"author":[{"embeddable":true,"href":"https:\/\/chiquintad.gob.ec\/index.php?rest_route=\/wp\/v2\/users\/6"}],"replies":[{"embeddable":true,"href":"https:\/\/chiquintad.gob.ec\/index.php?rest_route=%2Fwp%2Fv2%2Fcomments&post=5199"}],"version-history":[{"count":8,"href":"https:\/\/chiquintad.gob.ec\/index.php?rest_route=\/wp\/v2\/pages\/5199\/revisions"}],"predecessor-version":[{"id":9792,"href":"https:\/\/chiquintad.gob.ec\/index.php?rest_route=\/wp\/v2\/pages\/5199\/revisions\/9792"}],"wp:attachment":[{"href":"https:\/\/chiquintad.gob.ec\/index.php?rest_route=%2Fwp%2Fv2%2Fmedia&parent=5199"}],"curies":[{"name":"wp","href":"https:\/\/api.w.org\/{rel}","templated":true}]}}